{"id":6700,"date":"2025-12-11T18:15:09","date_gmt":"2025-12-11T17:15:09","guid":{"rendered":"https:\/\/mhajedrez.com\/?post_type=product&#038;p=6700"},"modified":"2026-02-06T07:50:35","modified_gmt":"2026-02-06T06:50:35","slug":"pieza-plastico-st5-para-competicion","status":"publish","type":"product","link":"https:\/\/mhajedrez.com\/en\/pieza-plastico-st5-para-competicion\/","title":{"rendered":"Pieza pl\u00e1stico ST5 para competici\u00f3n"},"content":{"rendered":"<div id=\"product-description-short-9\" class=\"product-description\">\n<p>Juego de piezas de ajedrez de pl\u00e1stico, usadas en la mayor\u00eda de competiciones y clubes de ajedrez en Espa\u00f1a. Vienen en una pr\u00e1ctica caja de pl\u00e1stico para guardarlas.<\/p>\n<\/div>","protected":false},"excerpt":{"rendered":"<p>Juego de piezas de ajedrez de pl\u00e1stico, usadas en la mayor\u00eda de competiciones y clubes de ajedrez en Espa\u00f1a. Vienen en una pr\u00e1ctica caja de pl\u00e1stico para guardarlas.<\/p>","protected":false},"featured_media":6701,"comment_status":"closed","ping_status":"closed","template":"","meta":[],"product_brand":[],"product_cat":[21,57],"product_tag":[],"class_list":{"0":"post-6700","1":"product","2":"type-product","3":"status-publish","4":"has-post-thumbnail","6":"product_cat-material-de-juego","7":"product_cat-piezas-material-de-juego","9":"first","10":"instock","11":"taxable","12":"shipping-taxable","13":"purchasable","14":"product-type-simple"},"_links":{"self":[{"href":"https:\/\/mhajedrez.com\/en\/wp-json\/wp\/v2\/product\/6700","targetHints":{"allow":["GET"]}}],"collection":[{"href":"https:\/\/mhajedrez.com\/en\/wp-json\/wp\/v2\/product"}],"about":[{"href":"https:\/\/mhajedrez.com\/en\/wp-json\/wp\/v2\/types\/product"}],"replies":[{"embeddable":true,"href":"https:\/\/mhajedrez.com\/en\/wp-json\/wp\/v2\/comments?post=6700"}],"wp:featuredmedia":[{"embeddable":true,"href":"https:\/\/mhajedrez.com\/en\/wp-json\/wp\/v2\/media\/6701"}],"wp:attachment":[{"href":"https:\/\/mhajedrez.com\/en\/wp-json\/wp\/v2\/media?parent=6700"}],"wp:term":[{"taxonomy":"product_brand","embeddable":true,"href":"https:\/\/mhajedrez.com\/en\/wp-json\/wp\/v2\/product_brand?post=6700"},{"taxonomy":"product_cat","embeddable":true,"href":"https:\/\/mhajedrez.com\/en\/wp-json\/wp\/v2\/product_cat?post=6700"},{"taxonomy":"product_tag","embeddable":true,"href":"https:\/\/mhajedrez.com\/en\/wp-json\/wp\/v2\/product_tag?post=6700"}],"curies":[{"name":"wp","href":"https:\/\/api.w.org\/{rel}","templated":true}]}}