{"id":6244,"date":"2025-11-01T20:42:55","date_gmt":"2025-11-01T19:42:55","guid":{"rendered":"https:\/\/mhajedrez.com\/?post_type=product&#038;p=6244"},"modified":"2026-02-06T07:50:37","modified_gmt":"2026-02-06T06:50:37","slug":"alfombrilla-raton-ajedrez","status":"publish","type":"product","link":"https:\/\/mhajedrez.com\/en\/alfombrilla-raton-ajedrez\/","title":{"rendered":"Alfombrilla rat\u00f3n ajedrez"},"content":{"rendered":"<p>Alfombrilla de rat\u00f3n para ordenador fabricada en gomaespuma con base antideslizante. Hasta 12 dise\u00f1os diferentes.<\/p>","protected":false},"excerpt":{"rendered":"<p>Alfombrilla de rat\u00f3n para ordenador fabricada en gomaespuma con base antideslizante. Hasta 12 dise\u00f1os diferentes.<\/p>","protected":false},"featured_media":6257,"comment_status":"closed","ping_status":"closed","template":"","meta":[],"product_brand":[],"product_cat":[36],"product_tag":[],"class_list":{"0":"post-6244","1":"product","2":"type-product","3":"status-publish","4":"has-post-thumbnail","6":"product_cat-accesorios","8":"first","9":"instock","10":"taxable","11":"shipping-taxable","12":"purchasable","13":"product-type-variable"},"_links":{"self":[{"href":"https:\/\/mhajedrez.com\/en\/wp-json\/wp\/v2\/product\/6244","targetHints":{"allow":["GET"]}}],"collection":[{"href":"https:\/\/mhajedrez.com\/en\/wp-json\/wp\/v2\/product"}],"about":[{"href":"https:\/\/mhajedrez.com\/en\/wp-json\/wp\/v2\/types\/product"}],"replies":[{"embeddable":true,"href":"https:\/\/mhajedrez.com\/en\/wp-json\/wp\/v2\/comments?post=6244"}],"wp:featuredmedia":[{"embeddable":true,"href":"https:\/\/mhajedrez.com\/en\/wp-json\/wp\/v2\/media\/6257"}],"wp:attachment":[{"href":"https:\/\/mhajedrez.com\/en\/wp-json\/wp\/v2\/media?parent=6244"}],"wp:term":[{"taxonomy":"product_brand","embeddable":true,"href":"https:\/\/mhajedrez.com\/en\/wp-json\/wp\/v2\/product_brand?post=6244"},{"taxonomy":"product_cat","embeddable":true,"href":"https:\/\/mhajedrez.com\/en\/wp-json\/wp\/v2\/product_cat?post=6244"},{"taxonomy":"product_tag","embeddable":true,"href":"https:\/\/mhajedrez.com\/en\/wp-json\/wp\/v2\/product_tag?post=6244"}],"curies":[{"name":"wp","href":"https:\/\/api.w.org\/{rel}","templated":true}]}}