{"id":4718,"date":"2025-06-11T18:06:28","date_gmt":"2025-06-11T16:06:28","guid":{"rendered":"http:\/\/mhajedrez.com\/tienda\/dgt-smart-board-con-piezas-de-plastico\/"},"modified":"2026-02-06T07:50:37","modified_gmt":"2026-02-06T06:50:37","slug":"dgt-smart-board-con-piezas-de-plastico","status":"publish","type":"product","link":"https:\/\/mhajedrez.com\/en\/dgt-smart-board-con-piezas-de-plastico\/","title":{"rendered":"DGT Smart Board con piezas de pl\u00e1stico"},"content":{"rendered":"<p>Tablero de ajedrez electr\u00f3nico sensorial para retransmisiones de partidas. Fabricado en pl\u00e1stico ABS. Incluye juego de piezas electr\u00f3nicas de pl\u00e1stico<\/p>","protected":false},"excerpt":{"rendered":"<p>Tablero de ajedrez electr\u00f3nico sensorial para retransmisiones de partidas. Fabricado en pl\u00e1stico ABS. Incluye juego de piezas electr\u00f3nicas de pl\u00e1stico<\/p>","protected":false},"featured_media":6013,"comment_status":"closed","ping_status":"closed","template":"","meta":[],"product_brand":[135],"product_cat":[58,21],"product_tag":[],"class_list":{"0":"post-4718","1":"product","2":"type-product","3":"status-publish","4":"has-post-thumbnail","6":"product_brand-dgt","7":"product_cat-ajedrez-electronico","8":"product_cat-material-de-juego","10":"first","11":"instock","12":"taxable","13":"shipping-taxable","14":"purchasable","15":"product-type-simple"},"_links":{"self":[{"href":"https:\/\/mhajedrez.com\/en\/wp-json\/wp\/v2\/product\/4718","targetHints":{"allow":["GET"]}}],"collection":[{"href":"https:\/\/mhajedrez.com\/en\/wp-json\/wp\/v2\/product"}],"about":[{"href":"https:\/\/mhajedrez.com\/en\/wp-json\/wp\/v2\/types\/product"}],"replies":[{"embeddable":true,"href":"https:\/\/mhajedrez.com\/en\/wp-json\/wp\/v2\/comments?post=4718"}],"wp:featuredmedia":[{"embeddable":true,"href":"https:\/\/mhajedrez.com\/en\/wp-json\/wp\/v2\/media\/6013"}],"wp:attachment":[{"href":"https:\/\/mhajedrez.com\/en\/wp-json\/wp\/v2\/media?parent=4718"}],"wp:term":[{"taxonomy":"product_brand","embeddable":true,"href":"https:\/\/mhajedrez.com\/en\/wp-json\/wp\/v2\/product_brand?post=4718"},{"taxonomy":"product_cat","embeddable":true,"href":"https:\/\/mhajedrez.com\/en\/wp-json\/wp\/v2\/product_cat?post=4718"},{"taxonomy":"product_tag","embeddable":true,"href":"https:\/\/mhajedrez.com\/en\/wp-json\/wp\/v2\/product_tag?post=4718"}],"curies":[{"name":"wp","href":"https:\/\/api.w.org\/{rel}","templated":true}]}}