{"id":4691,"date":"2025-06-11T18:02:20","date_gmt":"2025-06-11T16:02:20","guid":{"rendered":"http:\/\/mhajedrez.com\/tienda\/piezas-de-plastico-staunton-6-irrompibles-en-9-colores\/"},"modified":"2026-02-06T07:50:38","modified_gmt":"2026-02-06T06:50:38","slug":"piezas-de-plastico-staunton-6-irrompibles-en-9-colores","status":"publish","type":"product","link":"https:\/\/mhajedrez.com\/en\/piezas-de-plastico-staunton-6-irrompibles-en-9-colores\/","title":{"rendered":"Piezas de pl\u00e1stico Staunton 6 irrompibles en 9 colores"},"content":{"rendered":"<p>Juego de 17 piezas de ajedrez de pl\u00e1stico ligeras y resistentes, id\u00f3neas para escuelas y colegios. Disponibles en 9 colores diferentes. El juego de piezas incluye las 16 piezas de un jugador adem\u00e1s de una dama extra<\/p>","protected":false},"excerpt":{"rendered":"<p>Juego de 17 piezas de ajedrez de pl\u00e1stico ligeras y resistentes, id\u00f3neas para escuelas y colegios. Disponibles en 9 colores diferentes. El juego de piezas incluye las 16 piezas de un jugador adem\u00e1s de una dama extra<\/p>","protected":false},"featured_media":6653,"comment_status":"closed","ping_status":"closed","template":"","meta":[],"product_brand":[],"product_cat":[21,57],"product_tag":[],"class_list":{"0":"post-4691","1":"product","2":"type-product","3":"status-publish","4":"has-post-thumbnail","6":"product_cat-material-de-juego","7":"product_cat-piezas-material-de-juego","9":"first","10":"instock","11":"taxable","12":"shipping-taxable","13":"purchasable","14":"product-type-variable"},"_links":{"self":[{"href":"https:\/\/mhajedrez.com\/en\/wp-json\/wp\/v2\/product\/4691","targetHints":{"allow":["GET"]}}],"collection":[{"href":"https:\/\/mhajedrez.com\/en\/wp-json\/wp\/v2\/product"}],"about":[{"href":"https:\/\/mhajedrez.com\/en\/wp-json\/wp\/v2\/types\/product"}],"replies":[{"embeddable":true,"href":"https:\/\/mhajedrez.com\/en\/wp-json\/wp\/v2\/comments?post=4691"}],"wp:featuredmedia":[{"embeddable":true,"href":"https:\/\/mhajedrez.com\/en\/wp-json\/wp\/v2\/media\/6653"}],"wp:attachment":[{"href":"https:\/\/mhajedrez.com\/en\/wp-json\/wp\/v2\/media?parent=4691"}],"wp:term":[{"taxonomy":"product_brand","embeddable":true,"href":"https:\/\/mhajedrez.com\/en\/wp-json\/wp\/v2\/product_brand?post=4691"},{"taxonomy":"product_cat","embeddable":true,"href":"https:\/\/mhajedrez.com\/en\/wp-json\/wp\/v2\/product_cat?post=4691"},{"taxonomy":"product_tag","embeddable":true,"href":"https:\/\/mhajedrez.com\/en\/wp-json\/wp\/v2\/product_tag?post=4691"}],"curies":[{"name":"wp","href":"https:\/\/api.w.org\/{rel}","templated":true}]}}