{"id":4684,"date":"2025-06-11T18:02:13","date_gmt":"2025-06-11T16:02:13","guid":{"rendered":"http:\/\/mhajedrez.com\/tienda\/dgt3000-limited-edition\/"},"modified":"2026-02-18T19:44:14","modified_gmt":"2026-02-18T18:44:14","slug":"dgt3000-limited-edition","status":"publish","type":"product","link":"https:\/\/mhajedrez.com\/en\/dgt3000-limited-edition\/","title":{"rendered":"DGT3000 Limited Edition"},"content":{"rendered":"<p>Edici\u00f3n limitada del reloj DGT3000, con un acabado m\u00e1s sobrio y elegante imitando a la madera Compatible con todos los tableros electr\u00f3nicos e-Board y Smart Board<\/p>","protected":false},"excerpt":{"rendered":"<p>Edici\u00f3n limitada del reloj DGT3000, con un acabado m\u00e1s sobrio y elegante imitando a la madera Compatible con todos los tableros electr\u00f3nicos e-Board y Smart Board<\/p>","protected":false},"featured_media":7099,"comment_status":"closed","ping_status":"closed","template":"","meta":[],"product_brand":[135],"product_cat":[21,22],"product_tag":[],"class_list":{"0":"post-4684","1":"product","2":"type-product","3":"status-publish","4":"has-post-thumbnail","6":"product_brand-dgt","7":"product_cat-material-de-juego","8":"product_cat-relojes","10":"first","11":"instock","12":"taxable","13":"shipping-taxable","14":"purchasable","15":"product-type-simple"},"_links":{"self":[{"href":"https:\/\/mhajedrez.com\/en\/wp-json\/wp\/v2\/product\/4684","targetHints":{"allow":["GET"]}}],"collection":[{"href":"https:\/\/mhajedrez.com\/en\/wp-json\/wp\/v2\/product"}],"about":[{"href":"https:\/\/mhajedrez.com\/en\/wp-json\/wp\/v2\/types\/product"}],"replies":[{"embeddable":true,"href":"https:\/\/mhajedrez.com\/en\/wp-json\/wp\/v2\/comments?post=4684"}],"wp:featuredmedia":[{"embeddable":true,"href":"https:\/\/mhajedrez.com\/en\/wp-json\/wp\/v2\/media\/7099"}],"wp:attachment":[{"href":"https:\/\/mhajedrez.com\/en\/wp-json\/wp\/v2\/media?parent=4684"}],"wp:term":[{"taxonomy":"product_brand","embeddable":true,"href":"https:\/\/mhajedrez.com\/en\/wp-json\/wp\/v2\/product_brand?post=4684"},{"taxonomy":"product_cat","embeddable":true,"href":"https:\/\/mhajedrez.com\/en\/wp-json\/wp\/v2\/product_cat?post=4684"},{"taxonomy":"product_tag","embeddable":true,"href":"https:\/\/mhajedrez.com\/en\/wp-json\/wp\/v2\/product_tag?post=4684"}],"curies":[{"name":"wp","href":"https:\/\/api.w.org\/{rel}","templated":true}]}}