{"id":383,"date":"2024-03-29T09:03:38","date_gmt":"2024-03-29T08:03:38","guid":{"rendered":"https:\/\/mhajedrez.com\/producto\/los-7-colores-del-ajedrez-educativo\/"},"modified":"2026-02-06T14:48:33","modified_gmt":"2026-02-06T13:48:33","slug":"los-7-colores-del-ajedrez-educativo","status":"publish","type":"product","link":"https:\/\/mhajedrez.com\/en\/los-7-colores-del-ajedrez-educativo\/","title":{"rendered":"Los 7 colores del Ajedrez educativo"},"content":{"rendered":"<p>El enfoque del modelo de los 7 colores pone en primer plano a los alumnos como protagonistas. Este modelo se orienta hacia su ritmo, logros y capacidad de aprendizaje, ofreciendo respuestas adaptadas a la diversidad presente en nuestras aulas. Cada color representa un nivel distinto, permitiendo la convivencia armoniosa de diversos niveles en el aula, respetando as\u00ed la individualidad de cada estudiante. El libro detalla diversas tipolog\u00edas de ejercicios dise\u00f1adas para cada color, proporcionando una variedad que se ajusta a las necesidades y estilos de aprendizaje de los alumnos.<\/p>","protected":false},"excerpt":{"rendered":"<p>El enfoque del modelo de los 7 colores pone en primer plano a los alumnos como protagonistas. Este modelo se orienta hacia su ritmo, logros y capacidad de aprendizaje, ofreciendo respuestas adaptadas a la diversidad presente en nuestras aulas. Cada color representa un nivel distinto, permitiendo la convivencia armoniosa de diversos niveles en el aula, respetando as\u00ed la individualidad de cada estudiante. El libro detalla diversas tipolog\u00edas de ejercicios dise\u00f1adas para cada color, proporcionando una variedad que se ajusta a las necesidades y estilos de aprendizaje de los alumnos.<\/p>","protected":false},"featured_media":6093,"comment_status":"closed","ping_status":"closed","template":"","meta":[],"product_brand":[],"product_cat":[35,29],"product_tag":[],"class_list":{"0":"post-383","1":"product","2":"type-product","3":"status-publish","4":"has-post-thumbnail","6":"product_cat-ajedrez-educativo-libros","7":"product_cat-libros","9":"first","10":"instock","11":"taxable","12":"shipping-taxable","13":"purchasable","14":"product-type-simple"},"_links":{"self":[{"href":"https:\/\/mhajedrez.com\/en\/wp-json\/wp\/v2\/product\/383","targetHints":{"allow":["GET"]}}],"collection":[{"href":"https:\/\/mhajedrez.com\/en\/wp-json\/wp\/v2\/product"}],"about":[{"href":"https:\/\/mhajedrez.com\/en\/wp-json\/wp\/v2\/types\/product"}],"replies":[{"embeddable":true,"href":"https:\/\/mhajedrez.com\/en\/wp-json\/wp\/v2\/comments?post=383"}],"wp:featuredmedia":[{"embeddable":true,"href":"https:\/\/mhajedrez.com\/en\/wp-json\/wp\/v2\/media\/6093"}],"wp:attachment":[{"href":"https:\/\/mhajedrez.com\/en\/wp-json\/wp\/v2\/media?parent=383"}],"wp:term":[{"taxonomy":"product_brand","embeddable":true,"href":"https:\/\/mhajedrez.com\/en\/wp-json\/wp\/v2\/product_brand?post=383"},{"taxonomy":"product_cat","embeddable":true,"href":"https:\/\/mhajedrez.com\/en\/wp-json\/wp\/v2\/product_cat?post=383"},{"taxonomy":"product_tag","embeddable":true,"href":"https:\/\/mhajedrez.com\/en\/wp-json\/wp\/v2\/product_tag?post=383"}],"curies":[{"name":"wp","href":"https:\/\/api.w.org\/{rel}","templated":true}]}}