{"id":379,"date":"2024-03-29T09:03:38","date_gmt":"2024-03-29T08:03:38","guid":{"rendered":"https:\/\/mhajedrez.com\/producto\/kasparov-predecesores-no2\/"},"modified":"2026-02-06T14:48:33","modified_gmt":"2026-02-06T13:48:33","slug":"kasparov-predecesores-no2","status":"publish","type":"product","link":"https:\/\/mhajedrez.com\/en\/kasparov-predecesores-no2\/","title":{"rendered":"Kasparov Predecesores (N\u00ba2)"},"content":{"rendered":"<p>Explorando a fondo el an\u00e1lisis de los campeones del mundo, el autor contextualiza a cada uno en su \u00e9poca y realiza una disecci\u00f3n detallada de los rasgos psicol\u00f3gicos que dejaron su huella en sus partidas. Esta obra ofrece una perspectiva \u00fanica que va m\u00e1s all\u00e1 del tablero, sumergi\u00e9ndote en la psicolog\u00eda estrat\u00e9gica que ha influido en el juego de estos campeones a lo largo de la historia del ajedrez.<\/p>","protected":false},"excerpt":{"rendered":"<p>Explorando a fondo el an\u00e1lisis de los campeones del mundo, el autor contextualiza a cada uno en su \u00e9poca y realiza una disecci\u00f3n detallada de los rasgos psicol\u00f3gicos que dejaron su huella en sus partidas. Esta obra ofrece una perspectiva \u00fanica que va m\u00e1s all\u00e1 del tablero, sumergi\u00e9ndote en la psicolog\u00eda estrat\u00e9gica que ha influido en el juego de estos campeones a lo largo de la historia del ajedrez.<\/p>","protected":false},"featured_media":6070,"comment_status":"closed","ping_status":"closed","template":"","meta":[],"product_brand":[],"product_cat":[34,29],"product_tag":[],"class_list":{"0":"post-379","1":"product","2":"type-product","3":"status-publish","4":"has-post-thumbnail","6":"product_cat-divulgacion-biografias-partidas","7":"product_cat-libros","9":"first","10":"instock","11":"taxable","12":"shipping-taxable","13":"purchasable","14":"product-type-simple"},"_links":{"self":[{"href":"https:\/\/mhajedrez.com\/en\/wp-json\/wp\/v2\/product\/379","targetHints":{"allow":["GET"]}}],"collection":[{"href":"https:\/\/mhajedrez.com\/en\/wp-json\/wp\/v2\/product"}],"about":[{"href":"https:\/\/mhajedrez.com\/en\/wp-json\/wp\/v2\/types\/product"}],"replies":[{"embeddable":true,"href":"https:\/\/mhajedrez.com\/en\/wp-json\/wp\/v2\/comments?post=379"}],"wp:featuredmedia":[{"embeddable":true,"href":"https:\/\/mhajedrez.com\/en\/wp-json\/wp\/v2\/media\/6070"}],"wp:attachment":[{"href":"https:\/\/mhajedrez.com\/en\/wp-json\/wp\/v2\/media?parent=379"}],"wp:term":[{"taxonomy":"product_brand","embeddable":true,"href":"https:\/\/mhajedrez.com\/en\/wp-json\/wp\/v2\/product_brand?post=379"},{"taxonomy":"product_cat","embeddable":true,"href":"https:\/\/mhajedrez.com\/en\/wp-json\/wp\/v2\/product_cat?post=379"},{"taxonomy":"product_tag","embeddable":true,"href":"https:\/\/mhajedrez.com\/en\/wp-json\/wp\/v2\/product_tag?post=379"}],"curies":[{"name":"wp","href":"https:\/\/api.w.org\/{rel}","templated":true}]}}