{"id":331,"date":"2024-03-29T09:03:07","date_gmt":"2024-03-29T08:03:07","guid":{"rendered":"https:\/\/mhajedrez.com\/producto\/tablero-silicona-plastico-rigido-55mm\/"},"modified":"2025-12-10T22:49:51","modified_gmt":"2025-12-10T21:49:51","slug":"tablero-silicona-plastico-rigido-55mm","status":"publish","type":"product","link":"https:\/\/mhajedrez.com\/en\/tablero-silicona-plastico-rigido-55mm\/","title":{"rendered":"Tablero silicona pl\u00e1stico r\u00edgido 55mm"},"content":{"rendered":"<p>Tablero de pl\u00e1stico r\u00edgido ideal para casa, colegios y clubes<\/p>","protected":false},"excerpt":{"rendered":"<p>Tablero de pl\u00e1stico r\u00edgido ideal para casa, colegios y clubes<\/p>","protected":false},"featured_media":6187,"comment_status":"closed","ping_status":"closed","template":"","meta":[],"product_brand":[],"product_cat":[21,26],"product_tag":[],"class_list":{"0":"post-331","1":"product","2":"type-product","3":"status-publish","4":"has-post-thumbnail","6":"product_cat-material-de-juego","7":"product_cat-tablero","9":"first","10":"instock","11":"sale","12":"taxable","13":"shipping-taxable","14":"purchasable","15":"product-type-simple"},"_links":{"self":[{"href":"https:\/\/mhajedrez.com\/en\/wp-json\/wp\/v2\/product\/331","targetHints":{"allow":["GET"]}}],"collection":[{"href":"https:\/\/mhajedrez.com\/en\/wp-json\/wp\/v2\/product"}],"about":[{"href":"https:\/\/mhajedrez.com\/en\/wp-json\/wp\/v2\/types\/product"}],"replies":[{"embeddable":true,"href":"https:\/\/mhajedrez.com\/en\/wp-json\/wp\/v2\/comments?post=331"}],"wp:featuredmedia":[{"embeddable":true,"href":"https:\/\/mhajedrez.com\/en\/wp-json\/wp\/v2\/media\/6187"}],"wp:attachment":[{"href":"https:\/\/mhajedrez.com\/en\/wp-json\/wp\/v2\/media?parent=331"}],"wp:term":[{"taxonomy":"product_brand","embeddable":true,"href":"https:\/\/mhajedrez.com\/en\/wp-json\/wp\/v2\/product_brand?post=331"},{"taxonomy":"product_cat","embeddable":true,"href":"https:\/\/mhajedrez.com\/en\/wp-json\/wp\/v2\/product_cat?post=331"},{"taxonomy":"product_tag","embeddable":true,"href":"https:\/\/mhajedrez.com\/en\/wp-json\/wp\/v2\/product_tag?post=331"}],"curies":[{"name":"wp","href":"https:\/\/api.w.org\/{rel}","templated":true}]}}