{"id":327,"date":"2024-03-29T09:03:07","date_gmt":"2024-03-29T08:03:07","guid":{"rendered":"https:\/\/mhajedrez.com\/producto\/pieza-plastico-st6-ligera\/"},"modified":"2025-12-11T12:06:46","modified_gmt":"2025-12-11T11:06:46","slug":"pieza-plastico-st6-ligera","status":"publish","type":"product","link":"https:\/\/mhajedrez.com\/en\/pieza-plastico-st6-ligera\/","title":{"rendered":"Pieza pl\u00e1stico ST6 ligera"},"content":{"rendered":"<p>Conquista el tablero con nuestras piezas de ajedrez Staunton 6, confeccionadas en pl\u00e1stico ligero. Dise\u00f1adas especialmente para colegios, estas piezas cuentan con el tama\u00f1o y peso perfectos para convertirse en tu conjunto de batalla por excelencia.<\/p>","protected":false},"excerpt":{"rendered":"<p>Conquista el tablero con nuestras piezas de ajedrez Staunton 6, confeccionadas en pl\u00e1stico ligero. Dise\u00f1adas especialmente para colegios, estas piezas cuentan con el tama\u00f1o y peso perfectos para convertirse en tu conjunto de batalla por excelencia.<\/p>","protected":false},"featured_media":6127,"comment_status":"closed","ping_status":"closed","template":"","meta":[],"product_brand":[],"product_cat":[21,57],"product_tag":[],"class_list":{"0":"post-327","1":"product","2":"type-product","3":"status-publish","4":"has-post-thumbnail","6":"product_cat-material-de-juego","7":"product_cat-piezas-material-de-juego","9":"first","10":"instock","11":"taxable","12":"shipping-taxable","13":"purchasable","14":"product-type-simple"},"_links":{"self":[{"href":"https:\/\/mhajedrez.com\/en\/wp-json\/wp\/v2\/product\/327","targetHints":{"allow":["GET"]}}],"collection":[{"href":"https:\/\/mhajedrez.com\/en\/wp-json\/wp\/v2\/product"}],"about":[{"href":"https:\/\/mhajedrez.com\/en\/wp-json\/wp\/v2\/types\/product"}],"replies":[{"embeddable":true,"href":"https:\/\/mhajedrez.com\/en\/wp-json\/wp\/v2\/comments?post=327"}],"wp:featuredmedia":[{"embeddable":true,"href":"https:\/\/mhajedrez.com\/en\/wp-json\/wp\/v2\/media\/6127"}],"wp:attachment":[{"href":"https:\/\/mhajedrez.com\/en\/wp-json\/wp\/v2\/media?parent=327"}],"wp:term":[{"taxonomy":"product_brand","embeddable":true,"href":"https:\/\/mhajedrez.com\/en\/wp-json\/wp\/v2\/product_brand?post=327"},{"taxonomy":"product_cat","embeddable":true,"href":"https:\/\/mhajedrez.com\/en\/wp-json\/wp\/v2\/product_cat?post=327"},{"taxonomy":"product_tag","embeddable":true,"href":"https:\/\/mhajedrez.com\/en\/wp-json\/wp\/v2\/product_tag?post=327"}],"curies":[{"name":"wp","href":"https:\/\/api.w.org\/{rel}","templated":true}]}}