{"id":325,"date":"2024-03-29T09:03:07","date_gmt":"2024-03-29T08:03:07","guid":{"rendered":"https:\/\/mhajedrez.com\/producto\/cartera-magnetica\/"},"modified":"2025-12-10T22:49:50","modified_gmt":"2025-12-10T21:49:50","slug":"cartera-magnetica","status":"publish","type":"product","link":"https:\/\/mhajedrez.com\/en\/cartera-magnetica\/","title":{"rendered":"Cartera Magn\u00e9tica"},"content":{"rendered":"<p>Experimenta la versatilidad con nuestro ajedrez magn\u00e9tico de viaje, presentado en un innovador formato de cartera plegable. La practicidad se une al entretenimiento, permiti\u00e9ndote llevar contigo la emoci\u00f3n del ajedrez en cualquier lugar de manera conveniente.<\/p>","protected":false},"excerpt":{"rendered":"<p>Experimenta la versatilidad con nuestro ajedrez magn\u00e9tico de viaje, presentado en un innovador formato de cartera plegable. La practicidad se une al entretenimiento, permiti\u00e9ndote llevar contigo la emoci\u00f3n del ajedrez en cualquier lugar de manera conveniente.<\/p>","protected":false},"featured_media":5969,"comment_status":"closed","ping_status":"closed","template":"","meta":[],"product_brand":[],"product_cat":[21,56],"product_tag":[],"class_list":{"0":"post-325","1":"product","2":"type-product","3":"status-publish","4":"has-post-thumbnail","6":"product_cat-material-de-juego","7":"product_cat-sets-completos-de-ajedrez","9":"first","10":"instock","11":"taxable","12":"shipping-taxable","13":"purchasable","14":"product-type-simple"},"_links":{"self":[{"href":"https:\/\/mhajedrez.com\/en\/wp-json\/wp\/v2\/product\/325","targetHints":{"allow":["GET"]}}],"collection":[{"href":"https:\/\/mhajedrez.com\/en\/wp-json\/wp\/v2\/product"}],"about":[{"href":"https:\/\/mhajedrez.com\/en\/wp-json\/wp\/v2\/types\/product"}],"replies":[{"embeddable":true,"href":"https:\/\/mhajedrez.com\/en\/wp-json\/wp\/v2\/comments?post=325"}],"wp:featuredmedia":[{"embeddable":true,"href":"https:\/\/mhajedrez.com\/en\/wp-json\/wp\/v2\/media\/5969"}],"wp:attachment":[{"href":"https:\/\/mhajedrez.com\/en\/wp-json\/wp\/v2\/media?parent=325"}],"wp:term":[{"taxonomy":"product_brand","embeddable":true,"href":"https:\/\/mhajedrez.com\/en\/wp-json\/wp\/v2\/product_brand?post=325"},{"taxonomy":"product_cat","embeddable":true,"href":"https:\/\/mhajedrez.com\/en\/wp-json\/wp\/v2\/product_cat?post=325"},{"taxonomy":"product_tag","embeddable":true,"href":"https:\/\/mhajedrez.com\/en\/wp-json\/wp\/v2\/product_tag?post=325"}],"curies":[{"name":"wp","href":"https:\/\/api.w.org\/{rel}","templated":true}]}}