{"id":313,"date":"2024-03-29T09:03:07","date_gmt":"2024-03-29T08:03:07","guid":{"rendered":"https:\/\/mhajedrez.com\/producto\/reloj-dgt-2010\/"},"modified":"2025-12-16T22:29:20","modified_gmt":"2025-12-16T21:29:20","slug":"reloj-dgt-2010","status":"publish","type":"product","link":"https:\/\/mhajedrez.com\/en\/reloj-dgt-2010\/","title":{"rendered":"RELOJ DGT 2010"},"content":{"rendered":"<p>Descubre el DGT 2010, el reloj oficial de la Federaci\u00f3n Internacional de Ajedrez (FIDE). Destacando como la opci\u00f3n m\u00e1s destacada en relaci\u00f3n calidad-precio en el mercado de relojes de ajedrez.<\/p>","protected":false},"excerpt":{"rendered":"<p>Descubre el DGT 2010, el reloj oficial de la Federaci\u00f3n Internacional de Ajedrez (FIDE). Destacando como la opci\u00f3n m\u00e1s destacada en relaci\u00f3n calidad-precio en el mercado de relojes de ajedrez.<\/p>","protected":false},"featured_media":6016,"comment_status":"closed","ping_status":"closed","template":"","meta":[],"product_brand":[135],"product_cat":[21,22],"product_tag":[],"class_list":{"0":"post-313","1":"product","2":"type-product","3":"status-publish","4":"has-post-thumbnail","6":"product_brand-dgt","7":"product_cat-material-de-juego","8":"product_cat-relojes","10":"first","11":"instock","12":"sale","13":"taxable","14":"shipping-taxable","15":"purchasable","16":"product-type-simple"},"_links":{"self":[{"href":"https:\/\/mhajedrez.com\/en\/wp-json\/wp\/v2\/product\/313","targetHints":{"allow":["GET"]}}],"collection":[{"href":"https:\/\/mhajedrez.com\/en\/wp-json\/wp\/v2\/product"}],"about":[{"href":"https:\/\/mhajedrez.com\/en\/wp-json\/wp\/v2\/types\/product"}],"replies":[{"embeddable":true,"href":"https:\/\/mhajedrez.com\/en\/wp-json\/wp\/v2\/comments?post=313"}],"wp:featuredmedia":[{"embeddable":true,"href":"https:\/\/mhajedrez.com\/en\/wp-json\/wp\/v2\/media\/6016"}],"wp:attachment":[{"href":"https:\/\/mhajedrez.com\/en\/wp-json\/wp\/v2\/media?parent=313"}],"wp:term":[{"taxonomy":"product_brand","embeddable":true,"href":"https:\/\/mhajedrez.com\/en\/wp-json\/wp\/v2\/product_brand?post=313"},{"taxonomy":"product_cat","embeddable":true,"href":"https:\/\/mhajedrez.com\/en\/wp-json\/wp\/v2\/product_cat?post=313"},{"taxonomy":"product_tag","embeddable":true,"href":"https:\/\/mhajedrez.com\/en\/wp-json\/wp\/v2\/product_tag?post=313"}],"curies":[{"name":"wp","href":"https:\/\/api.w.org\/{rel}","templated":true}]}}