{"id":311,"date":"2024-03-29T09:03:07","date_gmt":"2024-03-29T08:03:07","guid":{"rendered":"https:\/\/mhajedrez.com\/producto\/reloj-dgt-2500\/"},"modified":"2025-12-16T22:29:20","modified_gmt":"2025-12-16T21:29:20","slug":"reloj-dgt-2500","status":"publish","type":"product","link":"https:\/\/mhajedrez.com\/en\/reloj-dgt-2500\/","title":{"rendered":"RELOJ DGT 2500"},"content":{"rendered":"<p>Homologado por la FIDE, este reloj representa la herramienta ideal para jugadores de ajedrez en todos los niveles. Su dise\u00f1o moderno y sofisticado, junto con una pantalla clara y f\u00e1cil de leer, hacen del DGT 2500 la elecci\u00f3n perfecta para disfrutar de tus partidas al m\u00e1ximo.<\/p>","protected":false},"excerpt":{"rendered":"<p>Homologado por la FIDE, este reloj representa la herramienta ideal para jugadores de ajedrez en todos los niveles. Su dise\u00f1o moderno y sofisticado, junto con una pantalla clara y f\u00e1cil de leer, hacen del DGT 2500 la elecci\u00f3n perfecta para disfrutar de tus partidas al m\u00e1ximo.<\/p>","protected":false},"featured_media":6017,"comment_status":"closed","ping_status":"closed","template":"","meta":[],"product_brand":[135],"product_cat":[21,22],"product_tag":[],"class_list":{"0":"post-311","1":"product","2":"type-product","3":"status-publish","4":"has-post-thumbnail","6":"product_brand-dgt","7":"product_cat-material-de-juego","8":"product_cat-relojes","10":"first","11":"instock","12":"sale","13":"taxable","14":"shipping-taxable","15":"purchasable","16":"product-type-simple"},"_links":{"self":[{"href":"https:\/\/mhajedrez.com\/en\/wp-json\/wp\/v2\/product\/311","targetHints":{"allow":["GET"]}}],"collection":[{"href":"https:\/\/mhajedrez.com\/en\/wp-json\/wp\/v2\/product"}],"about":[{"href":"https:\/\/mhajedrez.com\/en\/wp-json\/wp\/v2\/types\/product"}],"replies":[{"embeddable":true,"href":"https:\/\/mhajedrez.com\/en\/wp-json\/wp\/v2\/comments?post=311"}],"wp:featuredmedia":[{"embeddable":true,"href":"https:\/\/mhajedrez.com\/en\/wp-json\/wp\/v2\/media\/6017"}],"wp:attachment":[{"href":"https:\/\/mhajedrez.com\/en\/wp-json\/wp\/v2\/media?parent=311"}],"wp:term":[{"taxonomy":"product_brand","embeddable":true,"href":"https:\/\/mhajedrez.com\/en\/wp-json\/wp\/v2\/product_brand?post=311"},{"taxonomy":"product_cat","embeddable":true,"href":"https:\/\/mhajedrez.com\/en\/wp-json\/wp\/v2\/product_cat?post=311"},{"taxonomy":"product_tag","embeddable":true,"href":"https:\/\/mhajedrez.com\/en\/wp-json\/wp\/v2\/product_tag?post=311"}],"curies":[{"name":"wp","href":"https:\/\/api.w.org\/{rel}","templated":true}]}}